{"id":5190,"date":"2024-10-09T07:14:28","date_gmt":"2024-10-09T05:14:28","guid":{"rendered":"https:\/\/jeanmarcbourdon.fr\/?page_id=5190"},"modified":"2024-10-09T07:24:05","modified_gmt":"2024-10-09T05:24:05","slug":"about-musikadom-equipe","status":"publish","type":"page","link":"https:\/\/jeanmarcbourdon.fr\/index.php\/about-musikadom-equipe\/","title":{"rendered":"About MUSIKADOM \u00e9quipe"},"content":{"rendered":"<div class=\"wpb-content-wrapper\"><p>[vc_row row_type=\u00a0\u00bbparallax\u00a0\u00bb content_width=\u00a0\u00bbgrid\u00a0\u00bb full_screen_section_height=\u00a0\u00bbyes\u00a0\u00bb parallax_background_image=\u00a0\u00bb5191&Prime;][vc_column width=\u00a0\u00bb1\/3&Prime;][\/vc_column][vc_column width=\u00a0\u00bb2\/3&Prime;]<div class=\"edgtf-elements-holder edgtf-responsive-mode-768\" ><div class=\"edgtf-elements-holder-item \" data-item-class=\"edgtf-elements-holder-custom-584353\" data-1280-1440=\"14% 10% 14% 22%\" data-1024-1280=\"33% 0% 24% 20%\" data-768-1024=\"30% 0% 30% 12%\" data-600-768=\"24% 0% 23% 0%\" data-480-600=\"24% 0% 23% 20%\" data-480=\"24% 0% 23% 13%\" >\n\t<div class=\"edgtf-elements-holder-item-inner\">\n\t\t<div class=\"edgtf-elements-holder-item-content edgtf-elements-holder-custom-584353\" style=\"padding: 33% 10% 24% 22%\">\n\t\t\t\n<h2 class=\"edgtf-custom-font-holder\" style=\"font-family: arial;font-size: 70px;line-height: 70px;font-weight: 300;text-transform: capitalize;text-align: center;color: #ffffff\" data-font-size= 70 data-line-height= 70>\n\tUn sourire, une magie qui illumine le quotidien !\t<\/h2>\t\t<\/div>\n\t<\/div>\n<\/div><\/div>[\/vc_column][\/vc_row][vc_row content_width=\u00a0\u00bbgrid\u00a0\u00bb css=\u00a0\u00bb.vc_custom_1475249747902{padding-top: 118px !important;padding-bottom: 115px !important;}\u00a0\u00bb][vc_column offset=\u00a0\u00bbvc_col-lg-6 vc_col-md-12&Prime;][vc_column_text]<\/p>\n<h3><strong>RENCONTREZ CEUX QUI FONT LA DIFF\u00c9RENCE<\/strong><\/h3>\n<p>[\/vc_column_text][vc_empty_space height=\u00a0\u00bb9px\u00a0\u00bb]\n<p class=\"edgtf-section-subtitle\" style=\"text-align:left\">\n\tNotre \u00e9quipe \u00e0 votre service !<\/p>[vc_empty_space height=\u00a0\u00bb30px\u00a0\u00bb][vc_column_text]<\/p>\n<blockquote><p><span class=\"CSWDefineFont\">Tous nos professeurs sont titulaires d\u2019un dipl\u00f4me de conservatoire national de r\u00e9gion, \u00e9cole de musique agr\u00e9\u00e9e ou d\u2019un dipl\u00f4me de fin d\u2019\u00e9tudes d\u2019une \u00e9cole de musique municipale.<\/span><\/p><\/blockquote>\n<p>Il est n\u00e9cessaire d&rsquo;avoir 2 ans d&rsquo;exp\u00e9rience en enseignement dans une \u00e9cole de musique.<\/p>\n<p>Ils ajustent leur enseignement selon le temps que l&rsquo;\u00e9l\u00e8ve peut consacrer \u00e0 la pratique de son instrument, afin que celle-ci demeure un plaisir pour lui.<\/p>\n<p>Les intervenants d\u00e9pendent de la Convention Nationale \u00ab <strong>salari\u00e9s du particulier employeur<\/strong> \u00bb du 24 novembre 1999, \u00e9tendue par arr\u00eat\u00e9 du 2 mars 2000. Disponible sur <a href=\"http:\/\/www.legifrance.gouv.fr\/\" target=\"_blank\" rel=\"noopener\">www.legifrance.gouv.fr<\/a> ou <a href=\"http:\/\/www.fepem.fr\/\" target=\"_blank\" rel=\"noopener\">www.fepem.fr<\/a>[\/vc_column_text][vc_empty_space height=\u00a0\u00bb30px\u00a0\u00bb][\/vc_column][\/vc_row]<\/p>\n<\/div>","protected":false},"excerpt":{"rendered":"<p>[vc_row row_type=\u00a0\u00bbparallax\u00a0\u00bb content_width=\u00a0\u00bbgrid\u00a0\u00bb full_screen_section_height=\u00a0\u00bbyes\u00a0\u00bb parallax_background_image=\u00a0\u00bb5191&Prime;][vc_column width=\u00a0\u00bb1\/3&Prime;][\/vc_column][vc_column width=\u00a0\u00bb2\/3&Prime;][\/vc_column][\/vc_row][vc_row content_width=\u00a0\u00bbgrid\u00a0\u00bb css=\u00a0\u00bb.vc_custom_1475249747902{padding-top: 118px !important;padding-bottom: 115px !important;}\u00a0\u00bb][vc_column offset=\u00a0\u00bbvc_col-lg-6 vc_col-md-12&Prime;][vc_column_text] RENCONTREZ CEUX QUI FONT LA DIFF\u00c9RENCE [\/vc_column_text][vc_empty_space height=\u00a0\u00bb9px\u00a0\u00bb][vc_empty_space height=\u00a0\u00bb30px\u00a0\u00bb][vc_column_text] Tous nos professeurs sont titulaires d\u2019un&#8230;<\/p>\n","protected":false},"author":1,"featured_media":0,"parent":0,"menu_order":0,"comment_status":"closed","ping_status":"closed","template":"full-width.php","meta":{"footnotes":""},"class_list":["post-5190","page","type-page","status-publish","hentry"],"_links":{"self":[{"href":"https:\/\/jeanmarcbourdon.fr\/index.php\/wp-json\/wp\/v2\/pages\/5190","targetHints":{"allow":["GET"]}}],"collection":[{"href":"https:\/\/jeanmarcbourdon.fr\/index.php\/wp-json\/wp\/v2\/pages"}],"about":[{"href":"https:\/\/jeanmarcbourdon.fr\/index.php\/wp-json\/wp\/v2\/types\/page"}],"author":[{"embeddable":true,"href":"https:\/\/jeanmarcbourdon.fr\/index.php\/wp-json\/wp\/v2\/users\/1"}],"replies":[{"embeddable":true,"href":"https:\/\/jeanmarcbourdon.fr\/index.php\/wp-json\/wp\/v2\/comments?post=5190"}],"version-history":[{"count":12,"href":"https:\/\/jeanmarcbourdon.fr\/index.php\/wp-json\/wp\/v2\/pages\/5190\/revisions"}],"predecessor-version":[{"id":5204,"href":"https:\/\/jeanmarcbourdon.fr\/index.php\/wp-json\/wp\/v2\/pages\/5190\/revisions\/5204"}],"wp:attachment":[{"href":"https:\/\/jeanmarcbourdon.fr\/index.php\/wp-json\/wp\/v2\/media?parent=5190"}],"curies":[{"name":"wp","href":"https:\/\/api.w.org\/{rel}","templated":true}]}}