{"id":5164,"date":"2024-10-08T19:08:46","date_gmt":"2024-10-08T17:08:46","guid":{"rendered":"https:\/\/jeanmarcbourdon.fr\/?page_id=5164"},"modified":"2024-10-15T18:37:01","modified_gmt":"2024-10-15T16:37:01","slug":"about-jmb-musikadom","status":"publish","type":"page","link":"https:\/\/jeanmarcbourdon.fr\/index.php\/about-jmb-musikadom\/","title":{"rendered":"About MUSIKADOM"},"content":{"rendered":"<div class=\"wpb-content-wrapper\"><p>[vc_row content_width=\u00a0\u00bbgrid\u00a0\u00bb header_style=\u00a0\u00bbedgtf-light-header\u00a0\u00bb css_animation=\u00a0\u00bbedgtf-element-from-fade\u00a0\u00bb box_shadow=\u00a0\u00bbyes\u00a0\u00bb css=\u00a0\u00bb.vc_custom_1729009834350{padding-top: 118px !important;padding-bottom: 115px !important;}\u00a0\u00bb][vc_column width=\u00a0\u00bb1\/2&Prime;][vc_single_image image=\u00a0\u00bb5205&Prime;][vc_empty_space height=\u00a0\u00bb12px\u00a0\u00bb]\n<p class=\"edgtf-section-subtitle\" style=\"text-align:left\">\n\tQui sommes-nous et quelle passion nous anime !<\/p>[vc_column_text css=\u00a0\u00bb.vc_custom_1729010118364{background-color: #ffffff !important;border-radius: 1px !important;}\u00a0\u00bb]<\/p>\n<blockquote><p>L&rsquo;entreprise \u00ab\u00a0MUSIKADOM\u00a0\u00bb se consacre \u00e0 l&rsquo;enseignement de la musique pour tous les \u00e2ges, des plus jeunes aux adultes !<\/p><\/blockquote>\n<p>[\/vc_column_text][vc_empty_space height=\u00a0\u00bb2px\u00a0\u00bb][vc_column_text css=\u00a0\u00bb.vc_custom_1729010178767{background-color: #ffffff !important;border-radius: 1px !important;}\u00a0\u00bb]<em>Jean-Marc BOURDON, g\u00e9rant de MUSIKADOM<\/em>[\/vc_column_text][\/vc_column][vc_column width=\u00a0\u00bb1\/2&Prime; offset=\u00a0\u00bbvc_col-lg-6 vc_col-md-12&Prime;][vc_column_text]<\/p>\n<h3>DECOUVREZ NOTRE ESSENCE<\/h3>\n<p>[\/vc_column_text][vc_empty_space height=\u00a0\u00bb12px\u00a0\u00bb][vc_column_text css=\u00a0\u00bb.vc_custom_1729010138432{background-color: #ffffff !important;border-radius: 1px !important;}\u00a0\u00bb]MUSIKADOM vous offre une option diff\u00e9rente des cours traditionnels pour mieux satisfaire vos attentes en mati\u00e8re d&rsquo;apprentissage musical.<\/p>\n<p>MUSIKADOM est non assujettie \u00e0 la TVA (art. 293bis du C.G.I.)<\/p>\n<p>Pour <strong>profiter de la r\u00e9duction ou du cr\u00e9dit d&rsquo;imp\u00f4t<\/strong>, les paiements en esp\u00e8ces ne sont pas autoris\u00e9s. Vous avez la possibilit\u00e9 de r\u00e9gler vos factures par ch\u00e8que, CESU ou virement bancaire, conform\u00e9ment aux conditions de l\u2019article 199 sexd\u00e9cies du CGI.<\/p>\n<p>MUSIKADOM est une soci\u00e9t\u00e9 <strong>agr\u00e9\u00e9e \u00ab\u00a0Services \u00e0 la personne\u00a0\u00bb<\/strong> op\u00e9rant principalement dans la r\u00e9gion du Nord &#8211; Pas de Calais.<\/p>\n<p>Agr\u00e9ment national n\u00b0 SAP 751 857 384 Acte 2012-155 |\u00a0Code APE :8559B | Siret : 751 857 384 00026[\/vc_column_text][\/vc_column][\/vc_row]<\/p>\n<\/div>","protected":false},"excerpt":{"rendered":"<p>[vc_row content_width=\u00a0\u00bbgrid\u00a0\u00bb header_style=\u00a0\u00bbedgtf-light-header\u00a0\u00bb css_animation=\u00a0\u00bbedgtf-element-from-fade\u00a0\u00bb box_shadow=\u00a0\u00bbyes\u00a0\u00bb css=\u00a0\u00bb.vc_custom_1729009834350{padding-top: 118px !important;padding-bottom: 115px !important;}\u00a0\u00bb][vc_column width=\u00a0\u00bb1\/2&Prime;][vc_single_image image=\u00a0\u00bb5205&Prime;][vc_empty_space height=\u00a0\u00bb12px\u00a0\u00bb][vc_column_text css=\u00a0\u00bb.vc_custom_1729010118364{background-color: #ffffff !important;border-radius: 1px !important;}\u00a0\u00bb] L&rsquo;entreprise \u00ab\u00a0MUSIKADOM\u00a0\u00bb se consacre \u00e0 l&rsquo;enseignement de la musique pour tous les&#8230;<\/p>\n","protected":false},"author":1,"featured_media":0,"parent":0,"menu_order":0,"comment_status":"closed","ping_status":"closed","template":"full-width.php","meta":{"footnotes":""},"class_list":["post-5164","page","type-page","status-publish","hentry"],"_links":{"self":[{"href":"https:\/\/jeanmarcbourdon.fr\/index.php\/wp-json\/wp\/v2\/pages\/5164","targetHints":{"allow":["GET"]}}],"collection":[{"href":"https:\/\/jeanmarcbourdon.fr\/index.php\/wp-json\/wp\/v2\/pages"}],"about":[{"href":"https:\/\/jeanmarcbourdon.fr\/index.php\/wp-json\/wp\/v2\/types\/page"}],"author":[{"embeddable":true,"href":"https:\/\/jeanmarcbourdon.fr\/index.php\/wp-json\/wp\/v2\/users\/1"}],"replies":[{"embeddable":true,"href":"https:\/\/jeanmarcbourdon.fr\/index.php\/wp-json\/wp\/v2\/comments?post=5164"}],"version-history":[{"count":51,"href":"https:\/\/jeanmarcbourdon.fr\/index.php\/wp-json\/wp\/v2\/pages\/5164\/revisions"}],"predecessor-version":[{"id":5546,"href":"https:\/\/jeanmarcbourdon.fr\/index.php\/wp-json\/wp\/v2\/pages\/5164\/revisions\/5546"}],"wp:attachment":[{"href":"https:\/\/jeanmarcbourdon.fr\/index.php\/wp-json\/wp\/v2\/media?parent=5164"}],"curies":[{"name":"wp","href":"https:\/\/api.w.org\/{rel}","templated":true}]}}